{"id":8945,"date":"2022-11-04T11:01:39","date_gmt":"2022-11-04T10:01:39","guid":{"rendered":"https:\/\/edu.fairplay.or.at\/?page_id=8945"},"modified":"2022-11-15T17:15:39","modified_gmt":"2022-11-15T16:15:39","slug":"materials","status":"publish","type":"page","link":"https:\/\/www.fairplay-education.at\/en\/materials\/","title":{"rendered":"Materials"},"content":{"rendered":"<p>Our courses and workshops are intended to serve as an impetus for further education. There are numerous manuals, literature, online sources, etc. that can support in addressing the issues of anti-discrimination and diversity, social inclusion, human rights and development and prevention of extremism. Here you will find an overview of materials from fairplay as well as external sources that we recommend to accompany our educational offers. The materials are constantly being expanded and updated.<\/p>\n\n\n\n<ul class=\"wp-block-list\">\n<li><a href=\"https:\/\/edu.fairplay.or.at\/fairplay-publikationen\/\" data-type=\"page\" data-id=\"373\">fairplay publications<\/a><\/li>\n\n\n\n<li><a href=\"https:\/\/edu.fairplay.or.at\/partnerinnen-projekte\/\" data-type=\"page\" data-id=\"375\">Partner*innen-Projekte<\/a><\/li>\n\n\n\n<li><a href=\"https:\/\/edu.fairplay.or.at\/buchtipps\/\" data-type=\"page\" data-id=\"377\">Book tips<\/a><\/li>\n<\/ul>","protected":false},"excerpt":{"rendered":"<p>Unsere Kurse und Workshops sollen als Ansto\u00df zur weiterf\u00fchrenden Bildung dienen. Es gibt zahlreiche Handb\u00fccher, Literatur, Online-Quellen etc., die bei der Auseinandersetzung mit den Themen Antidiskriminierung und Diversit\u00e4t, soziale Inklusion, Menschenrechte und Entwicklung und Pr\u00e4vention von Extremismus unterst\u00fctzen k\u00f6nnen. Hier findet ihr eine \u00dcbersicht \u00fcber Materialien von fairplay aber auch externe Quellen, die wir begleitend [&hellip;]<\/p>","protected":false},"author":1,"featured_media":0,"parent":0,"menu_order":0,"comment_status":"closed","ping_status":"closed","template":"","meta":{"site-sidebar-layout":"default","site-content-layout":"","ast-site-content-layout":"","site-content-style":"default","site-sidebar-style":"default","ast-global-header-display":"","ast-banner-title-visibility":"","ast-main-header-display":"","ast-hfb-above-header-display":"","ast-hfb-below-header-display":"","ast-hfb-mobile-header-display":"","site-post-title":"","ast-breadcrumbs-content":"","ast-featured-img":"","footer-sml-layout":"","theme-transparent-header-meta":"","adv-header-id-meta":"","stick-header-meta":"","header-above-stick-meta":"","header-main-stick-meta":"","header-below-stick-meta":"","astra-migrate-meta-layouts":"default","ast-page-background-enabled":"default","ast-page-background-meta":{"desktop":{"background-color":"var(--ast-global-color-4)","background-image":"","background-repeat":"repeat","background-position":"center center","background-size":"auto","background-attachment":"scroll","background-type":"","background-media":"","overlay-type":"","overlay-color":"","overlay-opacity":"","overlay-gradient":""},"tablet":{"background-color":"","background-image":"","background-repeat":"repeat","background-position":"center center","background-size":"auto","background-attachment":"scroll","background-type":"","background-media":"","overlay-type":"","overlay-color":"","overlay-opacity":"","overlay-gradient":""},"mobile":{"background-color":"","background-image":"","background-repeat":"repeat","background-position":"center center","background-size":"auto","background-attachment":"scroll","background-type":"","background-media":"","overlay-type":"","overlay-color":"","overlay-opacity":"","overlay-gradient":""}},"ast-content-background-meta":{"desktop":{"background-color":"var(--ast-global-color-5)","background-image":"","background-repeat":"repeat","background-position":"center center","background-size":"auto","background-attachment":"scroll","background-type":"","background-media":"","overlay-type":"","overlay-color":"","overlay-opacity":"","overlay-gradient":""},"tablet":{"background-color":"var(--ast-global-color-5)","background-image":"","background-repeat":"repeat","background-position":"center center","background-size":"auto","background-attachment":"scroll","background-type":"","background-media":"","overlay-type":"","overlay-color":"","overlay-opacity":"","overlay-gradient":""},"mobile":{"background-color":"var(--ast-global-color-5)","background-image":"","background-repeat":"repeat","background-position":"center center","background-size":"auto","background-attachment":"scroll","background-type":"","background-media":"","overlay-type":"","overlay-color":"","overlay-opacity":"","overlay-gradient":""}},"_themeisle_gutenberg_block_has_review":false,"footnotes":""},"categories":[],"tags":[],"class_list":["post-8945","page","type-page","status-publish","hentry"],"_links":{"self":[{"href":"https:\/\/www.fairplay-education.at\/en\/wp-json\/wp\/v2\/pages\/8945","targetHints":{"allow":["GET"]}}],"collection":[{"href":"https:\/\/www.fairplay-education.at\/en\/wp-json\/wp\/v2\/pages"}],"about":[{"href":"https:\/\/www.fairplay-education.at\/en\/wp-json\/wp\/v2\/types\/page"}],"author":[{"embeddable":true,"href":"https:\/\/www.fairplay-education.at\/en\/wp-json\/wp\/v2\/users\/1"}],"replies":[{"embeddable":true,"href":"https:\/\/www.fairplay-education.at\/en\/wp-json\/wp\/v2\/comments?post=8945"}],"version-history":[{"count":2,"href":"https:\/\/www.fairplay-education.at\/en\/wp-json\/wp\/v2\/pages\/8945\/revisions"}],"predecessor-version":[{"id":9102,"href":"https:\/\/www.fairplay-education.at\/en\/wp-json\/wp\/v2\/pages\/8945\/revisions\/9102"}],"wp:attachment":[{"href":"https:\/\/www.fairplay-education.at\/en\/wp-json\/wp\/v2\/media?parent=8945"}],"wp:term":[{"taxonomy":"category","embeddable":true,"href":"https:\/\/www.fairplay-education.at\/en\/wp-json\/wp\/v2\/categories?post=8945"},{"taxonomy":"post_tag","embeddable":true,"href":"https:\/\/www.fairplay-education.at\/en\/wp-json\/wp\/v2\/tags?post=8945"}],"curies":[{"name":"wp","href":"https:\/\/api.w.org\/{rel}","templated":true}]}}